{"id":4695,"date":"2015-05-12T23:48:41","date_gmt":"2015-05-12T23:48:41","guid":{"rendered":"http:\/\/zoomarts.works\/dalton\/?page_id=4695"},"modified":"2021-10-10T18:49:59","modified_gmt":"2021-10-10T18:49:59","slug":"kontakt","status":"publish","type":"page","link":"https:\/\/www.crhplus.pl\/index.php\/kontakt\/","title":{"rendered":"Kontakt"},"content":{"rendered":"<p>[vc_row gap=&#8221;10&#8243; fullheight_columns=&#8221;&#8221; fullscreen_section=&#8221;&#8221; css=&#8221;.vc_custom_1611299073805{padding-top: 80px !important;padding-bottom: 60px !important;}&#8221;][vc_column text_align=&#8221;left&#8221; width=&#8221;2\/3&#8243; css=&#8221;.vc_custom_1431478228409{padding-right: 5% !important;padding-left: 5% !important;}&#8221; vertical_center=&#8221;&#8221; check_animation=&#8221;&#8221; animation=&#8221;flash&#8221; delay=&#8221;0.0&#8243; background_type=&#8221;color_bg&#8221; background_repeat=&#8221;no-repeat&#8221; cover_background=&#8221;&#8221; background_attachment=&#8221;&#8221; background_animation=&#8221;animate-top&#8221; video_type=&#8221;youtube&#8221;]<div class=\"custom-font \" style=\"text-align:center\"><h3 class=\"custom-font-element custom-font-4  vc_custom_1633693557575\" style=\"font-size:22px; line-height:28px; text-transform:uppercase; letter-spacing:1px; color:#444444; \">Napisz do nas<\/h3 ><\/div><div class=\"custom-font \" style=\"text-align:center\"><p class=\"custom-font-element custom-font-9  vc_custom_1633693639465\" style=\"font-size:15px; line-height:24px; letter-spacing:0px; color:#b4b4b4; \">Z przyjemno\u015bci\u0105 odpowiemy na wszystkie Twoje pytania i rozwiejemy w\u0105tpliwo\u015bci zwi\u0105zane z obszarem naszej dzia\u0142alno\u015bci.<\/p ><\/div><div role=\"form\" class=\"wpcf7\" id=\"wpcf7-f4723-o1\" lang=\"en-US\" dir=\"ltr\">\n<div class=\"screen-reader-response\"><p role=\"status\" aria-live=\"polite\" aria-atomic=\"true\"><\/p> <ul><\/ul><\/div>\n<form action=\"\/index.php\/wp-json\/wp\/v2\/pages\/4695#wpcf7-f4723-o1\" method=\"post\" class=\"wpcf7-form init\" novalidate=\"novalidate\" data-status=\"init\">\n<div style=\"display: none;\">\n<input type=\"hidden\" name=\"_wpcf7\" value=\"4723\" \/>\n<input type=\"hidden\" name=\"_wpcf7_version\" value=\"5.5.3\" \/>\n<input type=\"hidden\" name=\"_wpcf7_locale\" value=\"en_US\" \/>\n<input type=\"hidden\" name=\"_wpcf7_unit_tag\" value=\"wpcf7-f4723-o1\" \/>\n<input type=\"hidden\" name=\"_wpcf7_container_post\" value=\"0\" \/>\n<input type=\"hidden\" name=\"_wpcf7_posted_data_hash\" value=\"\" \/>\n<\/div>\n<div class=\"row\">\n<div class=\"col-md-6\">\n<p>Twoje imi\u0119 i nazwisko (wymagane)<br \/>\n\t\t<span class=\"wpcf7-form-control-wrap your-name\"><input type=\"text\" name=\"your-name\" value=\"\" size=\"40\" class=\"wpcf7-form-control wpcf7-text wpcf7-validates-as-required\" aria-required=\"true\" aria-invalid=\"false\" \/><\/span><\/p>\n<\/div>\n<div class=\"col-md-6\">\n<p>Tw\u00f3j Email (wymagane)<br \/>\n\t\t<span class=\"wpcf7-form-control-wrap your-email\"><input type=\"email\" name=\"your-email\" value=\"\" size=\"40\" class=\"wpcf7-form-control wpcf7-text wpcf7-email wpcf7-validates-as-required wpcf7-validates-as-email\" aria-required=\"true\" aria-invalid=\"false\" \/><\/span><\/p>\n<\/div>\n<\/div>\n<p>Temat<br \/>\n    <span class=\"wpcf7-form-control-wrap your-subject\"><input type=\"text\" name=\"your-subject\" value=\"\" size=\"40\" class=\"wpcf7-form-control wpcf7-text\" aria-invalid=\"false\" \/><\/span> <\/p>\n<p>Twoja wiadomo\u015b\u0107<br \/>\n    <span class=\"wpcf7-form-control-wrap your-message\"><textarea name=\"your-message\" cols=\"40\" rows=\"10\" class=\"wpcf7-form-control wpcf7-textarea\" aria-invalid=\"false\"><\/textarea><\/span> <\/p>\n<p><input type=\"submit\" value=\"Wy\u015blij\" class=\"wpcf7-form-control has-spinner wpcf7-submit\" \/><\/p>\n<div class=\"wpcf7-response-output\" aria-hidden=\"true\"><\/div><\/form><\/div>[\/vc_column][vc_column text_align=&#8221;left&#8221; width=&#8221;1\/3&#8243; css=&#8221;.vc_custom_1611299112075{border-top-width: 4px !important;border-right-width: 4px !important;border-bottom-width: 4px !important;border-left-width: 4px !important;padding-top: 15% !important;padding-right: 15% !important;padding-bottom: 15% !important;padding-left: 15% !important;border-left-color: #444444 !important;border-left-style: solid !important;border-right-color: #444444 !important;border-right-style: solid !important;border-top-color: #444444 !important;border-top-style: solid !important;border-bottom-color: #444444 !important;border-bottom-style: solid !important;}&#8221; vertical_center=&#8221;&#8221; check_animation=&#8221;&#8221; animation=&#8221;flash&#8221; delay=&#8221;0.0&#8243; background_type=&#8221;color_bg&#8221; background_repeat=&#8221;no-repeat&#8221; cover_background=&#8221;&#8221; background_attachment=&#8221;&#8221; background_animation=&#8221;animate-top&#8221; video_type=&#8221;youtube&#8221; el_class=&#8221;special-column&#8221;]<div class=\"custom-font \" style=\"text-align:left\"><h4 class=\"custom-font-element custom-font-4 \" style=\"font-size:12px; line-height:24px; text-transform:uppercase; letter-spacing:2px; color:#444444; \">Jak mo\u017cesz si\u0119 z nami skontaktowa\u0107 w inny spos\u00f3b?<\/h4 ><\/div><div class=\"divider solid-line\" style=\"text-align:left;\"><div class=\"divider-elm solid-line\" style=\"margin-top:8px; margin-bottom:14px; border-bottom: 2px solid #f7ca88; width: 40px;\"><\/div><\/div>[vc_column_text css=&#8221;.vc_custom_1633693754906{margin-bottom: 45px !important;}&#8221;]<span style=\"color: #aaaaaa;\">Email: biuro@crhplus.pl<\/span>[\/vc_column_text]<div class=\"custom-font \" style=\"text-align:left\"><h4 class=\"custom-font-element custom-font-4 \" style=\"font-size:12px; line-height:24px; text-transform:uppercase; letter-spacing:2px; color:#444444; \">Zapraszamy r\u00f3wnie\u017c do kontaktu na naszych kana\u0142ach spo\u0142eczno\u015bciowych<\/h4 ><\/div><div class=\"divider solid-line\" style=\"text-align:left;\"><div class=\"divider-elm solid-line\" style=\"margin-top:8px; margin-bottom:14px; border-bottom: 2px solid #f7ca88; width: 40px;\"><\/div><\/div><div class=\"custom-social-icons\"><a target=\"_blank\" href=\"https:\/\/www.facebook.com\/CRhPlus\" class=\"facebook\"><i class=\"fa fa-facebook\"><\/i><\/a><a target=\"_blank\" href=\"https:\/\/www.instagram.com\/crhplus\/\" class=\"instagram\"><i class=\"fa fa-instagram\"><\/i><\/a><\/div>[\/vc_column][\/vc_row]<\/p>\n","protected":false},"excerpt":{"rendered":"<p>[vc_row gap=&#8221;10&#8243; fullheight_columns=&#8221;&#8221; fullscreen_section=&#8221;&#8221; css=&#8221;.vc_custom_1611299073805{padding-top: 80px !important;padding-bottom: 60px !important;}&#8221;][vc_column text_align=&#8221;left&#8221; width=&#8221;2\/3&#8243; css=&#8221;.vc_custom_1431478228409{padding-right: 5% !important;padding-left: 5% !important;}&#8221; vertical_center=&#8221;&#8221; check_animation=&#8221;&#8221; animation=&#8221;flash&#8221; delay=&#8221;0.0&#8243; background_type=&#8221;color_bg&#8221; background_repeat=&#8221;no-repeat&#8221; cover_background=&#8221;&#8221; background_attachment=&#8221;&#8221; background_animation=&#8221;animate-top&#8221; video_type=&#8221;youtube&#8221;][\/vc_column][vc_column text_align=&#8221;left&#8221; width=&#8221;1\/3&#8243; css=&#8221;.vc_custom_1611299112075{border-top-width: 4px !important;border-right-width: 4px !important;border-bottom-width: 4px !important;border-left-width: 4px !important;padding-top: 15% !important;padding-right: 15% !important;padding-bottom: 15% !important;padding-left: 15% !important;border-left-color: #444444 !important;border-left-style: solid !important;border-right-color: #444444&#8230;<\/p>\n","protected":false},"author":1,"featured_media":0,"parent":0,"menu_order":0,"comment_status":"open","ping_status":"closed","template":"template-builder.php","meta":[],"_links":{"self":[{"href":"https:\/\/www.crhplus.pl\/index.php\/wp-json\/wp\/v2\/pages\/4695"}],"collection":[{"href":"https:\/\/www.crhplus.pl\/index.php\/wp-json\/wp\/v2\/pages"}],"about":[{"href":"https:\/\/www.crhplus.pl\/index.php\/wp-json\/wp\/v2\/types\/page"}],"author":[{"embeddable":true,"href":"https:\/\/www.crhplus.pl\/index.php\/wp-json\/wp\/v2\/users\/1"}],"replies":[{"embeddable":true,"href":"https:\/\/www.crhplus.pl\/index.php\/wp-json\/wp\/v2\/comments?post=4695"}],"version-history":[{"count":4,"href":"https:\/\/www.crhplus.pl\/index.php\/wp-json\/wp\/v2\/pages\/4695\/revisions"}],"predecessor-version":[{"id":5896,"href":"https:\/\/www.crhplus.pl\/index.php\/wp-json\/wp\/v2\/pages\/4695\/revisions\/5896"}],"wp:attachment":[{"href":"https:\/\/www.crhplus.pl\/index.php\/wp-json\/wp\/v2\/media?parent=4695"}],"curies":[{"name":"wp","href":"https:\/\/api.w.org\/{rel}","templated":true}]}}